{"id":139,"date":"2015-12-16T09:39:36","date_gmt":"2015-12-16T09:39:36","guid":{"rendered":"https:\/\/www.maquinariadeportiva.com\/blog\/?page_id=139"},"modified":"2016-01-07T13:52:17","modified_gmt":"2016-01-07T13:52:17","slug":"mantenimiento","status":"publish","type":"page","link":"https:\/\/www.maquinariadeportiva.com\/blog\/tienda\/mantenimiento\/","title":{"rendered":"Mantenimiento"},"content":{"rendered":"<p>[et_pb_section admin_label=\u00bbsection\u00bb transparent_background=\u00bbon\u00bb allow_player_pause=\u00bboff\u00bb inner_shadow=\u00bboff\u00bb parallax=\u00bboff\u00bb parallax_method=\u00bboff\u00bb padding_mobile=\u00bboff\u00bb make_fullwidth=\u00bboff\u00bb use_custom_width=\u00bboff\u00bb width_unit=\u00bbon\u00bb make_equal=\u00bboff\u00bb use_custom_gutter=\u00bboff\u00bb][et_pb_row admin_label=\u00bbrow\u00bb make_fullwidth=\u00bboff\u00bb use_custom_width=\u00bboff\u00bb width_unit=\u00bbon\u00bb use_custom_gutter=\u00bboff\u00bb padding_mobile=\u00bboff\u00bb allow_player_pause=\u00bboff\u00bb parallax=\u00bboff\u00bb parallax_method=\u00bboff\u00bb make_equal=\u00bboff\u00bb background_color_1=\u00bbrgba(255,255,255,0.7)\u00bb column_padding_mobile=\u00bbon\u00bb][et_pb_column type=\u00bb1_2&#8243;][et_pb_text admin_label=\u00bbTexto\u00bb background_layout=\u00bblight\u00bb text_orientation=\u00bbleft\u00bb use_border_color=\u00bbon\u00bb border_color=\u00bb#000000&#8243; border_style=\u00bbsolid\u00bb custom_padding=\u00bb20px|20px|20px|20px\u00bb]<\/p>\n<h3 style=\"text-align: center;\">Mantenimiento<\/h3>\n<p style=\"text-align: justify;\">Un programa de mantenimiento efectivo vale m\u00e1s que una p\u00f3liza de seguro para su equipamiento. El objetivo de Alyvesat es mantener en perfecto funcionamiento su maquinaria deportiva, interviniendo con visitas de mantenimiento preventivo, con un sistema de trabajo \u00fanico en el sector.<\/p>\n<p>[\/et_pb_text][\/et_pb_column][et_pb_column type=\u00bb1_2&#8243;][et_pb_image admin_label=\u00bbImagen\u00bb src=\u00bbhttps:\/\/www.maquinariadeportiva.com\/blog\/wp-content\/uploads\/2015\/12\/alyvesat-maquinaria-deportiva-mantenimiento.jpg\u00bb show_in_lightbox=\u00bboff\u00bb url_new_window=\u00bboff\u00bb animation=\u00bbfade_in\u00bb sticky=\u00bboff\u00bb align=\u00bbcenter\u00bb force_fullwidth=\u00bboff\u00bb always_center_on_mobile=\u00bbon\u00bb use_border_color=\u00bboff\u00bb border_color=\u00bb#ffffff\u00bb border_style=\u00bbsolid\u00bb custom_css_main_element=\u00bbborder:1px solid #000;\u00bb] [\/et_pb_image][\/et_pb_column][\/et_pb_row][et_pb_row admin_label=\u00bbrow\u00bb make_fullwidth=\u00bboff\u00bb use_custom_width=\u00bboff\u00bb width_unit=\u00bbon\u00bb use_custom_gutter=\u00bboff\u00bb padding_mobile=\u00bboff\u00bb allow_player_pause=\u00bboff\u00bb parallax=\u00bboff\u00bb parallax_method=\u00bboff\u00bb make_equal=\u00bboff\u00bb background_color_1=\u00bbrgba(255,255,255,0.7)\u00bb background_color_2=\u00bbrgba(255,255,255,0.7)\u00bb column_padding_mobile=\u00bbon\u00bb][et_pb_column type=\u00bb1_2&#8243;][et_pb_text admin_label=\u00bbTexto\u00bb background_layout=\u00bblight\u00bb text_orientation=\u00bbleft\u00bb use_border_color=\u00bbon\u00bb border_color=\u00bb#000000&#8243; border_style=\u00bbsolid\u00bb custom_padding=\u00bb20px|20px|20px|20px\u00bb module_class=\u00bbcajas\u00bb]<\/p>\n<h3 style=\"text-align: center;\">Econom\u00eda y garant\u00eda<\/h3>\n<p style=\"text-align: justify;\">Son muchas las ventajas que se obtienen siguiendo uno de los programas de mantenimiento de Alyvesat. Mantener su equipamiento siempre en perfecto estado de funcionamiento reduce considerablemente los costes de las reparaciones, y el n\u00famero de ellas.<\/p>\n<p style=\"text-align: justify;\">El mantenimiento preventivo, adem\u00e1s, disminuye las probabilidades de aver\u00edas, evitando inoportunos paros de las m\u00e1quinas. Estos programas son personalizados para cada instalaci\u00f3n.<\/p>\n<p>[\/et_pb_text][\/et_pb_column][et_pb_column type=\u00bb1_2&#8243;][et_pb_text admin_label=\u00bbTexto\u00bb background_layout=\u00bblight\u00bb text_orientation=\u00bbleft\u00bb use_border_color=\u00bbon\u00bb border_color=\u00bb#000000&#8243; border_style=\u00bbsolid\u00bb custom_padding=\u00bb20px|20px|20px|20px\u00bb]<\/p>\n<h3 style=\"text-align: center;\">Servicio de Inspecci\u00f3n \/ Mantenimiento<\/h3>\n<p style=\"text-align: justify;\">Es la actividad que se desarrolla con una frecuencia acordada y aconsejada por Alyvesat y prev\u00e9 la ejecuci\u00f3n de todas las operaciones necesarias para mantener el equipamiento en las condiciones ideales. Prev\u00e9 el cambio de las partes que se han desgastado o que no garantizan un funcionamiento id\u00f3neo de la m\u00e1quina y aseguran que no existan aver\u00edas posteriores.<\/p>\n<p>[\/et_pb_text][\/et_pb_column][\/et_pb_row][et_pb_row admin_label=\u00bbrow\u00bb make_fullwidth=\u00bboff\u00bb use_custom_width=\u00bboff\u00bb width_unit=\u00bbon\u00bb use_custom_gutter=\u00bboff\u00bb padding_mobile=\u00bboff\u00bb allow_player_pause=\u00bboff\u00bb parallax=\u00bboff\u00bb parallax_method=\u00bboff\u00bb make_equal=\u00bboff\u00bb background_color_1=\u00bbrgba(255,255,255,0.7)\u00bb background_color_2=\u00bbrgba(255,255,255,0.7)\u00bb column_padding_mobile=\u00bbon\u00bb][et_pb_column type=\u00bb1_2&#8243;][et_pb_text admin_label=\u00bbTexto\u00bb background_layout=\u00bblight\u00bb text_orientation=\u00bbleft\u00bb use_border_color=\u00bbon\u00bb border_color=\u00bb#000000&#8243; border_style=\u00bbsolid\u00bb custom_padding=\u00bb20px|20px|20px|20px\u00bb]<\/p>\n<h3 style=\"text-align: center;\">El contrato<\/h3>\n<p style=\"text-align: justify;\">Llevar un correcto mantenimiento preventivo del equipamiento significa un mayor ahorro en t\u00e9rminos de la vida \u00fatil de la m\u00e1quina y disminuye los costes de reparaci\u00f3n. Alyvesat le ofrece un servicio personalizado, elitista y dando la m\u00e1s alta calidad de servicio. Realizamos un estudio de su equipamiento, y teniendo en cuenta sus necesidades, creamos unos informes de los trabajos y frecuencia a realizar, los cuales estar\u00e1n siempre en sus manos, para que pueda comprobar cu\u00e1l es el estado de mantenimiento de su equipamiento.<\/p>\n<p>[\/et_pb_text][\/et_pb_column][et_pb_column type=\u00bb1_2&#8243;][et_pb_text admin_label=\u00bbTexto\u00bb background_layout=\u00bblight\u00bb text_orientation=\u00bbleft\u00bb use_border_color=\u00bbon\u00bb border_color=\u00bb#000000&#8243; border_style=\u00bbsolid\u00bb custom_padding=\u00bb20px|20px|20px|20px\u00bb]<\/p>\n<h3 style=\"text-align: center;\">Nuestra calidad de servicio y profesionalidad<\/h3>\n<p style=\"text-align: justify;\">Viene avalada por m\u00e1s de 15 a\u00f1os de experiencia en el sector, tanto en el mantenimiento de instalaciones como en el servicio t\u00e9cnico postventa, pudiendo ofrecer a nuestros clientes el mejor asesoramiento t\u00e9cnico posible en cuanto al mantenimiento de las instalaciones y equipos, instalaci\u00f3n de equipos nuevos.<\/p>\n<p style=\"text-align: justify;\">Realizamos todo tipo de presupuestos sin compromiso alguno, cons\u00faltanos.<\/p>\n<p>[\/et_pb_text][\/et_pb_column][\/et_pb_row][\/et_pb_section]<\/p>\n","protected":false},"excerpt":{"rendered":"<p>Mantenimiento Un programa de mantenimiento efectivo vale m\u00e1s que una p\u00f3liza de seguro para su equipamiento. El objetivo de Alyvesat es mantener en perfecto funcionamiento su maquinaria deportiva, interviniendo con visitas de mantenimiento preventivo, con un sistema de trabajo \u00fanico en el sector. Econom\u00eda y garant\u00eda Son muchas las ventajas que se obtienen siguiendo uno [&hellip;]<\/p>\n","protected":false},"author":1,"featured_media":0,"parent":122,"menu_order":6,"comment_status":"closed","ping_status":"closed","template":"","meta":{"_et_pb_use_builder":"on","_et_pb_old_content":"<p style=\"text-align: justify;\"><strong>MANTENIMIENTO DE MAQUINARIA DEPORTIVA<\/strong><\/p><p style=\"text-align: justify;\">Un programa de mantenimiento efectivo vale m\u00e1s que una p\u00f3liza de seguro para su equipamiento. El objetivo de Alyvesat es mantener en perfecto funcionamiento su maquinaria deportiva, interviniendo con visitas de mantenimiento preventivo, con un sistema de trabajo \u00fanico en el sector.<\/p><p style=\"text-align: justify;\"><strong><u>Econom\u00eda y garant\u00eda<\/u><\/strong><\/p><p style=\"text-align: justify;\">Son muchas las ventajas que se obtienen siguiendo uno de los programas de mantenimiento de Alyvesat. Mantener su equipamiento siempre en perfecto estado de funcionamiento reduce considerablemente los costes de las reparaciones, y el n\u00famero de ellas.<\/p><p style=\"text-align: justify;\">El mantenimiento preventivo, adem\u00e1s, disminuye las probabilidades de aver\u00edas, evitando inoportunos paros de las m\u00e1quinas. Estos programas son personalizados para cada instalaci\u00f3n.<\/p><p style=\"text-align: justify;\"><strong><u>Servicio de Inspecci\u00f3n \/ Mantenimiento<\/u><\/strong><\/p><p style=\"text-align: justify;\">Es la actividad que se desarrolla con una frecuencia acordada y aconsejada por Alyvesat y prev\u00e9 la ejecuci\u00f3n de todas las operaciones necesarias para mantener el equipamiento en las condiciones ideales. Prev\u00e9 el cambio de las partes que se han desgastado o que no garantizan un funcionamiento id\u00f3neo de la m\u00e1quina y aseguran que no existan aver\u00edas posteriores.<\/p><p style=\"text-align: justify;\"><strong><u>El contrato<\/u><\/strong><\/p><p style=\"text-align: justify;\">Llevar un correcto mantenimiento preventivo del equipamiento significa un mayor ahorro en t\u00e9rminos de la vida \u00fatil de la m\u00e1quina y disminuye los costes de reparaci\u00f3n. Alyvesat le ofrece un servicio personalizado, elitista y dando la m\u00e1s alta calidad de servicio. Realizamos un estudio de su equipamiento, y teniendo en cuenta sus necesidades, creamos unos informes de los trabajos y frecuencia a realizar, los cuales estar\u00e1n siempre en sus manos, para que pueda comprobar cu\u00e1l es el estado de mantenimiento de su equipamiento.<\/p><p style=\"text-align: justify;\"><u><strong>Nuestra calidad de servicio y profesionalidad<\/strong> <\/u><\/p><p style=\"text-align: justify;\">Viene avalada por m\u00e1s de 15 a\u00f1os de experiencia en el sector, tanto en el mantenimiento de instalaciones como en el servicio t\u00e9cnico postventa, pudiendo ofrecer a nuestros clientes el mejor asesoramiento t\u00e9cnico posible en cuanto al mantenimiento de las instalaciones y equipos, instalaci\u00f3n de equipos nuevos.<\/p><p style=\"text-align: justify;\">Realizamos todo tipo de presupuestos sin compromiso alguno, cons\u00faltanos.<\/p>","_et_gb_content_width":""},"_links":{"self":[{"href":"https:\/\/www.maquinariadeportiva.com\/blog\/wp-json\/wp\/v2\/pages\/139"}],"collection":[{"href":"https:\/\/www.maquinariadeportiva.com\/blog\/wp-json\/wp\/v2\/pages"}],"about":[{"href":"https:\/\/www.maquinariadeportiva.com\/blog\/wp-json\/wp\/v2\/types\/page"}],"author":[{"embeddable":true,"href":"https:\/\/www.maquinariadeportiva.com\/blog\/wp-json\/wp\/v2\/users\/1"}],"replies":[{"embeddable":true,"href":"https:\/\/www.maquinariadeportiva.com\/blog\/wp-json\/wp\/v2\/comments?post=139"}],"version-history":[{"count":43,"href":"https:\/\/www.maquinariadeportiva.com\/blog\/wp-json\/wp\/v2\/pages\/139\/revisions"}],"predecessor-version":[{"id":444,"href":"https:\/\/www.maquinariadeportiva.com\/blog\/wp-json\/wp\/v2\/pages\/139\/revisions\/444"}],"up":[{"embeddable":true,"href":"https:\/\/www.maquinariadeportiva.com\/blog\/wp-json\/wp\/v2\/pages\/122"}],"wp:attachment":[{"href":"https:\/\/www.maquinariadeportiva.com\/blog\/wp-json\/wp\/v2\/media?parent=139"}],"curies":[{"name":"wp","href":"https:\/\/api.w.org\/{rel}","templated":true}]}}