{"id":137,"date":"2015-12-16T09:37:20","date_gmt":"2015-12-16T09:37:20","guid":{"rendered":"https:\/\/www.maquinariadeportiva.com\/blog\/?page_id=137"},"modified":"2019-12-13T23:30:08","modified_gmt":"2019-12-13T23:30:08","slug":"re-styling","status":"publish","type":"page","link":"https:\/\/www.maquinariadeportiva.com\/blog\/tienda\/re-styling\/","title":{"rendered":"Re-Styling"},"content":{"rendered":"<p>[et_pb_section admin_label=\u00bbsection\u00bb transparent_background=\u00bbon\u00bb allow_player_pause=\u00bboff\u00bb inner_shadow=\u00bboff\u00bb parallax=\u00bboff\u00bb parallax_method=\u00bboff\u00bb padding_mobile=\u00bboff\u00bb make_fullwidth=\u00bboff\u00bb use_custom_width=\u00bboff\u00bb width_unit=\u00bbon\u00bb make_equal=\u00bboff\u00bb use_custom_gutter=\u00bboff\u00bb][et_pb_row admin_label=\u00bbrow\u00bb make_fullwidth=\u00bboff\u00bb use_custom_width=\u00bboff\u00bb width_unit=\u00bbon\u00bb use_custom_gutter=\u00bboff\u00bb padding_mobile=\u00bboff\u00bb allow_player_pause=\u00bboff\u00bb parallax=\u00bboff\u00bb parallax_method=\u00bboff\u00bb make_equal=\u00bboff\u00bb background_color_1=\u00bbrgba(255,255,255,0.7)\u00bb column_padding_mobile=\u00bbon\u00bb][et_pb_column type=\u00bb1_2&#8243;][et_pb_text admin_label=\u00bbTexto\u00bb background_layout=\u00bblight\u00bb text_orientation=\u00bbleft\u00bb use_border_color=\u00bbon\u00bb border_color=\u00bb#000000&#8243; border_style=\u00bbsolid\u00bb custom_padding=\u00bb20px|20px|20px|20px\u00bb]<\/p>\n<h3 style=\"text-align: center;\">Re-Styling de maquinaria deportiva<\/h3>\n<p style=\"text-align: justify;\">Dentro de nuestro departamento de servicio t\u00e9cnico, disponemos de un servicio exclusivo para nuestros clientes el Re-Styling. Este servicio se trata de retirar las m\u00e1quinas de nuestro cliente, llevarlas a taller, se desmontan enteras se pintan, se cambian piezas deterioradas sobre todo por el paso del tiempo, se montan de nuevo, engrasan y se entregan de nuevo a nuestros clientes, este proceso no dura m\u00e1s de una semana, y colocamos maquinas en sustituci\u00f3n para que el Gimnasio no note la falta de las m\u00e1quinas que est\u00e1n en este proceso. El resultado es que queda una maquina con un aspecto como nuevo, pudiendo incluso cambiar en color de las maquinas o parte de ellas para incluir colores corporativos de cada cliente.<\/p>\n<p style=\"text-align: justify;\">Tambi\u00e9n disponemos de estas m\u00e1quinas para la venta, son como un segunda mano pero restaurando por completo la m\u00e1quina, si estas interesado en saber stockaje del que disponemos en cada momento no dudes en ponerte en contacto con nosotros.<\/p>\n<p>[\/et_pb_text][\/et_pb_column][et_pb_column type=\u00bb1_2&#8243;][et_pb_image admin_label=\u00bbImagen\u00bb src=\u00bbhttps:\/\/www.maquinariadeportiva.com\/blog\/wp-content\/uploads\/2015\/12\/PHOTO-2019-11-04-08-04-01.jpg\u00bb show_in_lightbox=\u00bboff\u00bb url_new_window=\u00bboff\u00bb animation=\u00bbfade_in\u00bb sticky=\u00bboff\u00bb align=\u00bbcenter\u00bb force_fullwidth=\u00bboff\u00bb always_center_on_mobile=\u00bbon\u00bb use_border_color=\u00bboff\u00bb border_color=\u00bb#ffffff\u00bb border_style=\u00bbsolid\u00bb custom_css_main_element=\u00bbborder:1px solid #000;\u00bb]<\/p>\n<p>[\/et_pb_image][et_pb_image admin_label=\u00bbImagen\u00bb src=\u00bbhttps:\/\/www.maquinariadeportiva.com\/blog\/wp-content\/uploads\/2015\/12\/PHOTO-2019-10-08-16-23-16.jpg\u00bb show_in_lightbox=\u00bboff\u00bb url_new_window=\u00bboff\u00bb animation=\u00bbfade_in\u00bb sticky=\u00bboff\u00bb align=\u00bbcenter\u00bb force_fullwidth=\u00bboff\u00bb always_center_on_mobile=\u00bbon\u00bb use_border_color=\u00bboff\u00bb border_color=\u00bb#ffffff\u00bb border_style=\u00bbsolid\u00bb custom_css_main_element=\u00bbborder:1px solid #000;\u00bb]<\/p>\n<p>[\/et_pb_image][\/et_pb_column][\/et_pb_row][\/et_pb_section]<\/p>\n","protected":false},"excerpt":{"rendered":"<p>Re-Styling de maquinaria deportiva Dentro de nuestro departamento de servicio t\u00e9cnico, disponemos de un servicio exclusivo para nuestros clientes el Re-Styling. Este servicio se trata de retirar las m\u00e1quinas de nuestro cliente, llevarlas a taller, se desmontan enteras se pintan, se cambian piezas deterioradas sobre todo por el paso del tiempo, se montan de nuevo, [&hellip;]<\/p>\n","protected":false},"author":1,"featured_media":0,"parent":122,"menu_order":0,"comment_status":"closed","ping_status":"closed","template":"","meta":{"_et_pb_use_builder":"on","_et_pb_old_content":"<p style=\"text-align: justify;\"><strong>RE-STYLING DE MAQUINARIA DEPORTIVA<\/strong><\/p><p style=\"text-align: justify;\">Dentro de nuestro departamento de servicio t\u00e9cnico, disponemos de un servicio exclusivo para nuestros clientes el Re-Styling. Este servicio se trata de retirar las m\u00e1quinas de nuestro cliente, llevarlas a taller, se desmontan enteras se pintan, se cambian piezas deterioradas sobre todo por el paso del tiempo, se montan de nuevo, engrasan y se entregan de nuevo a nuestros clientes, este proceso no dura m\u00e1s de una semana, y colocamos maquinas en sustituci\u00f3n para que el Gimnasio no note la falta de las m\u00e1quinas que est\u00e1n en este proceso. El resultado es que queda una maquina con un aspecto como nuevo, pudiendo incluso cambiar en color de las maquinas o parte de ellas para incluir colores corporativos de cada cliente.<\/p><p style=\"text-align: justify;\">Tambi\u00e9n disponemos de estas m\u00e1quinas para la venta, son como un segunda mano pero restaurando por completo la m\u00e1quina, si estas interesado en saber stockaje del que disponemos en cada momento no dudes en ponerte en contacto con nosotros.<\/p>","_et_gb_content_width":""},"_links":{"self":[{"href":"https:\/\/www.maquinariadeportiva.com\/blog\/wp-json\/wp\/v2\/pages\/137"}],"collection":[{"href":"https:\/\/www.maquinariadeportiva.com\/blog\/wp-json\/wp\/v2\/pages"}],"about":[{"href":"https:\/\/www.maquinariadeportiva.com\/blog\/wp-json\/wp\/v2\/types\/page"}],"author":[{"embeddable":true,"href":"https:\/\/www.maquinariadeportiva.com\/blog\/wp-json\/wp\/v2\/users\/1"}],"replies":[{"embeddable":true,"href":"https:\/\/www.maquinariadeportiva.com\/blog\/wp-json\/wp\/v2\/comments?post=137"}],"version-history":[{"count":11,"href":"https:\/\/www.maquinariadeportiva.com\/blog\/wp-json\/wp\/v2\/pages\/137\/revisions"}],"predecessor-version":[{"id":742,"href":"https:\/\/www.maquinariadeportiva.com\/blog\/wp-json\/wp\/v2\/pages\/137\/revisions\/742"}],"up":[{"embeddable":true,"href":"https:\/\/www.maquinariadeportiva.com\/blog\/wp-json\/wp\/v2\/pages\/122"}],"wp:attachment":[{"href":"https:\/\/www.maquinariadeportiva.com\/blog\/wp-json\/wp\/v2\/media?parent=137"}],"curies":[{"name":"wp","href":"https:\/\/api.w.org\/{rel}","templated":true}]}}