{"id":133,"date":"2015-12-16T09:33:29","date_gmt":"2015-12-16T09:33:29","guid":{"rendered":"https:\/\/www.maquinariadeportiva.com\/blog\/?page_id=133"},"modified":"2019-12-13T23:34:28","modified_gmt":"2019-12-13T23:34:28","slug":"venta","status":"publish","type":"page","link":"https:\/\/www.maquinariadeportiva.com\/blog\/tienda\/venta-2\/venta\/","title":{"rendered":"Maquinaria Deportiva"},"content":{"rendered":"<p>[et_pb_section admin_label=\u00bbsection\u00bb transparent_background=\u00bbon\u00bb allow_player_pause=\u00bboff\u00bb inner_shadow=\u00bboff\u00bb parallax=\u00bboff\u00bb parallax_method=\u00bboff\u00bb padding_mobile=\u00bboff\u00bb make_fullwidth=\u00bboff\u00bb use_custom_width=\u00bboff\u00bb width_unit=\u00bbon\u00bb make_equal=\u00bboff\u00bb use_custom_gutter=\u00bboff\u00bb][et_pb_row admin_label=\u00bbrow\u00bb make_fullwidth=\u00bboff\u00bb use_custom_width=\u00bboff\u00bb width_unit=\u00bbon\u00bb use_custom_gutter=\u00bboff\u00bb padding_mobile=\u00bboff\u00bb allow_player_pause=\u00bboff\u00bb parallax=\u00bboff\u00bb parallax_method=\u00bboff\u00bb make_equal=\u00bboff\u00bb background_color_1=\u00bbrgba(255,255,255,0.7)\u00bb column_padding_mobile=\u00bbon\u00bb][et_pb_column type=\u00bb1_2&#8243;][et_pb_text admin_label=\u00bbTexto\u00bb background_layout=\u00bblight\u00bb text_orientation=\u00bbleft\u00bb use_border_color=\u00bbon\u00bb border_color=\u00bb#000000&#8243; border_style=\u00bbsolid\u00bb custom_padding=\u00bb20px|20px|20px|20px\u00bb]<\/p>\n<h3 style=\"text-align: center;\">Maquinaria Deportiva<\/h3>\n<p style=\"text-align: justify;\">Disponemos de las mejores marcas del sector, tanto en venta como en alquiler de maquinaria y material deportivo, especializados sobre todo en personas y deportistas con movilidad reducida y con minusval\u00edas f\u00edsicas.<\/p>\n<p style=\"text-align: justify;\">En nuestra tienda de Madrid confeccionamos presupuestos y proyectos de acuerdo al presupuesto de cada uno de nuestros clientes, encarg\u00e1ndonos desde el asesoramiento t\u00e9cnico y deportivo hasta la entrega y formaci\u00f3n en casa de nuestros clientes, ya sean profesionales (gimnasios, hoteles, cl\u00ednicas, hospitales, geri\u00e1tricos, comunidades de propietarios, etc\u2026) como particulares.<\/p>\n<p style=\"text-align: justify;\">Todas nuestras ventas van acompa\u00f1adas de unos meses de mantenimiento completamente gratuito para nuestros clientes, ya sean particulares o profesionales, y somos Servicio T\u00e9cnico Autorizado de todas las marcas que vendemos, de tal manera que si hubiera alg\u00fan problema con cualquiera de ellas, somos nosotros personalmente los que nos encargamos de la reparaci\u00f3n de dicha aver\u00eda.<\/p>\n<p style=\"text-align: justify;\">Disponemos tambi\u00e9n de varios servicios de financiaci\u00f3n.<\/p>\n<p>[\/et_pb_text][\/et_pb_column][et_pb_column type=\u00bb1_2&#8243;][et_pb_image admin_label=\u00bbImagen\u00bb src=\u00bbhttps:\/\/www.maquinariadeportiva.com\/blog\/wp-content\/uploads\/2017\/08\/IMG_2904.jpg\u00bb show_in_lightbox=\u00bboff\u00bb url_new_window=\u00bboff\u00bb animation=\u00bbright\u00bb sticky=\u00bboff\u00bb align=\u00bbcenter\u00bb force_fullwidth=\u00bboff\u00bb always_center_on_mobile=\u00bbon\u00bb use_border_color=\u00bboff\u00bb border_color=\u00bb#ffffff\u00bb border_style=\u00bbsolid\u00bb custom_css_main_element=\u00bbborder:1px solid #000;\u00bb]<\/p>\n<p>[\/et_pb_image][\/et_pb_column][\/et_pb_row][\/et_pb_section]<\/p>\n","protected":false},"excerpt":{"rendered":"<p>Maquinaria Deportiva Disponemos de las mejores marcas del sector, tanto en venta como en alquiler de maquinaria y material deportivo, especializados sobre todo en personas y deportistas con movilidad reducida y con minusval\u00edas f\u00edsicas. En nuestra tienda de Madrid confeccionamos presupuestos y proyectos de acuerdo al presupuesto de cada uno de nuestros clientes, encarg\u00e1ndonos desde [&hellip;]<\/p>\n","protected":false},"author":1,"featured_media":0,"parent":158,"menu_order":0,"comment_status":"closed","ping_status":"closed","template":"","meta":{"_et_pb_use_builder":"on","_et_pb_old_content":"<p><strong>VENTA DE MAQUINARIA DEPORTIVA<\/strong><\/p><p style=\"text-align: justify;\">Disponemos de las mejores marcas del sector, tanto en venta como en alquiler de maquinaria y material deportivo, especializados sobre todo en personas y deportistas con movilidad reducida y con minusval\u00edas f\u00edsicas.<\/p><p style=\"text-align: justify;\">En nuestra tienda de Madrid confeccionamos presupuestos y proyectos de acuerdo al presupuesto de cada uno de nuestros clientes, encarg\u00e1ndonos desde el asesoramiento t\u00e9cnico y deportivo hasta la entrega y formaci\u00f3n en casa de nuestros clientes, ya sean profesionales (gimnasios, hoteles, cl\u00ednicas, hospitales, geri\u00e1tricos, comunidades de propietarios, etc\u2026) como particulares.<\/p><p style=\"text-align: justify;\">Todas nuestras ventas van acompa\u00f1adas de unos meses de mantenimiento completamente gratuito para nuestros clientes, ya sean particulares o profesionales, y somos Servicio T\u00e9cnico Autorizado de todas las marcas que vendemos, de tal manera que si hubiera alg\u00fan problema con cualquiera de ellas, somos nosotros personalmente los que nos encargamos de la reparaci\u00f3n de dicha aver\u00eda.<\/p><p style=\"text-align: justify;\">Disponemos tambi\u00e9n de varios servicios de financiaci\u00f3n.<\/p><p>\u00a0<\/p>","_et_gb_content_width":""},"_links":{"self":[{"href":"https:\/\/www.maquinariadeportiva.com\/blog\/wp-json\/wp\/v2\/pages\/133"}],"collection":[{"href":"https:\/\/www.maquinariadeportiva.com\/blog\/wp-json\/wp\/v2\/pages"}],"about":[{"href":"https:\/\/www.maquinariadeportiva.com\/blog\/wp-json\/wp\/v2\/types\/page"}],"author":[{"embeddable":true,"href":"https:\/\/www.maquinariadeportiva.com\/blog\/wp-json\/wp\/v2\/users\/1"}],"replies":[{"embeddable":true,"href":"https:\/\/www.maquinariadeportiva.com\/blog\/wp-json\/wp\/v2\/comments?post=133"}],"version-history":[{"count":23,"href":"https:\/\/www.maquinariadeportiva.com\/blog\/wp-json\/wp\/v2\/pages\/133\/revisions"}],"predecessor-version":[{"id":867,"href":"https:\/\/www.maquinariadeportiva.com\/blog\/wp-json\/wp\/v2\/pages\/133\/revisions\/867"}],"up":[{"embeddable":true,"href":"https:\/\/www.maquinariadeportiva.com\/blog\/wp-json\/wp\/v2\/pages\/158"}],"wp:attachment":[{"href":"https:\/\/www.maquinariadeportiva.com\/blog\/wp-json\/wp\/v2\/media?parent=133"}],"curies":[{"name":"wp","href":"https:\/\/api.w.org\/{rel}","templated":true}]}}