{"id":131,"date":"2015-12-16T09:32:10","date_gmt":"2015-12-16T09:32:10","guid":{"rendered":"https:\/\/www.maquinariadeportiva.com\/blog\/?page_id=131"},"modified":"2016-12-14T14:23:48","modified_gmt":"2016-12-14T14:23:48","slug":"alquiler","status":"publish","type":"page","link":"https:\/\/www.maquinariadeportiva.com\/blog\/tienda\/alquiler\/","title":{"rendered":"Alquiler"},"content":{"rendered":"<p>[et_pb_section admin_label=\u00bbsection\u00bb transparent_background=\u00bbon\u00bb allow_player_pause=\u00bboff\u00bb inner_shadow=\u00bboff\u00bb parallax=\u00bboff\u00bb parallax_method=\u00bboff\u00bb padding_mobile=\u00bboff\u00bb make_fullwidth=\u00bboff\u00bb use_custom_width=\u00bboff\u00bb width_unit=\u00bbon\u00bb make_equal=\u00bboff\u00bb use_custom_gutter=\u00bboff\u00bb][et_pb_row admin_label=\u00bbrow\u00bb make_fullwidth=\u00bboff\u00bb use_custom_width=\u00bboff\u00bb width_unit=\u00bbon\u00bb use_custom_gutter=\u00bboff\u00bb padding_mobile=\u00bboff\u00bb allow_player_pause=\u00bboff\u00bb parallax=\u00bboff\u00bb parallax_method=\u00bboff\u00bb make_equal=\u00bboff\u00bb background_color_1=\u00bbrgba(255,255,255,0.7)\u00bb column_padding_mobile=\u00bbon\u00bb][et_pb_column type=\u00bb2_3&#8243;][et_pb_text admin_label=\u00bbTexto\u00bb background_layout=\u00bblight\u00bb text_orientation=\u00bbleft\u00bb use_border_color=\u00bbon\u00bb border_color=\u00bb#000000&#8243; border_style=\u00bbsolid\u00bb custom_padding=\u00bb20px|20px|20px|20px\u00bb]<\/p>\n<h3 style=\"text-align: center;\">Alquiler<\/h3>\n<p style=\"text-align: justify;\">\u00bfCu\u00e1ndo alquilar maquinaria deportiva? Cubrimos varios sectores en con este servicio.<\/p>\n<p style=\"text-align: justify;\">Productoras de cine y TV, disponemos de cintas de correr, bikes est\u00e1ticas, bikes spinning, etc\u2026 en resumen cualquier maquinaria deportiva que se necesite para rodaje. Entre nuestros clientes est\u00e1n Mandarina Producciones, e infinidad de productoras peque\u00f1as que trabajan con publicidad y TV<\/p>\n<p style=\"text-align: justify;\">Hoteles, alquilamos por d\u00edas, semanas e incluso por horas, en el caso de los hoteles realizamos alquileres de m\u00e1quinas para las habitaciones y suites VIP. Trabajamos con hoteles como el Ritz y el Palace en Madrid.<\/p>\n<p style=\"text-align: justify;\">Cl\u00ednicas y aseguradoras, alquilamos maquinaria tanto para pacientes en casa durante una rehabilitaci\u00f3n, como para centros m\u00e9dicos que requieran dichas maquinas por un tiempo limitado, incluso con opci\u00f3n a una compra posterior.<\/p>\n<p style=\"text-align: justify;\">Y en definitiva a clientes particulares que quieran probar un tipo de maquina alquilando primero una para ver que tal les va.<\/p>\n<p style=\"text-align: justify;\">Con estos servicios nos adaptamos al cliente, tanto en presupuesto como en espacio y tipo de maquina.<\/p>\n<p style=\"text-align: justify;\">Trabajamos con la Federaci\u00f3n Espa\u00f1ola de F\u00fatbol y la de Baloncesto.<\/p>\n<p>[\/et_pb_text][\/et_pb_column][et_pb_column type=\u00bb1_3&#8243;][et_pb_image admin_label=\u00bbImagen\u00bb show_in_lightbox=\u00bboff\u00bb url_new_window=\u00bboff\u00bb animation=\u00bbleft\u00bb sticky=\u00bboff\u00bb align=\u00bbleft\u00bb force_fullwidth=\u00bboff\u00bb always_center_on_mobile=\u00bbon\u00bb use_border_color=\u00bboff\u00bb border_color=\u00bb#ffffff\u00bb border_style=\u00bbsolid\u00bb src=\u00bbhttps:\/\/www.maquinariadeportiva.com\/blog\/wp-content\/uploads\/2015\/12\/cinta-salvame.jpg\u00bb max_width=\u00bb300&#8243; custom_css_main_element=\u00bbborder:1px solid #000;\u00bb] [\/et_pb_image][et_pb_image admin_label=\u00bbImagen\u00bb show_in_lightbox=\u00bboff\u00bb url_new_window=\u00bboff\u00bb animation=\u00bbleft\u00bb sticky=\u00bboff\u00bb align=\u00bbleft\u00bb force_fullwidth=\u00bboff\u00bb always_center_on_mobile=\u00bbon\u00bb use_border_color=\u00bboff\u00bb border_color=\u00bb#ffffff\u00bb border_style=\u00bbsolid\u00bb src=\u00bbhttps:\/\/www.maquinariadeportiva.com\/blog\/wp-content\/uploads\/2015\/12\/IMG_2897.jpg\u00bb max_width=\u00bb300&#8243; custom_css_main_element=\u00bbborder:1px solid #000;\u00bb] [\/et_pb_image][\/et_pb_column][\/et_pb_row][\/et_pb_section]<\/p>\n","protected":false},"excerpt":{"rendered":"<p>Alquiler \u00bfCu\u00e1ndo alquilar maquinaria deportiva? Cubrimos varios sectores en con este servicio. Productoras de cine y TV, disponemos de cintas de correr, bikes est\u00e1ticas, bikes spinning, etc\u2026 en resumen cualquier maquinaria deportiva que se necesite para rodaje. Entre nuestros clientes est\u00e1n Mandarina Producciones, e infinidad de productoras peque\u00f1as que trabajan con publicidad y TV Hoteles, [&hellip;]<\/p>\n","protected":false},"author":1,"featured_media":0,"parent":122,"menu_order":0,"comment_status":"closed","ping_status":"closed","template":"","meta":{"_et_pb_use_builder":"on","_et_pb_old_content":"<p style=\"text-align: justify;\"><strong>ALQUILER DE MAQUINARIA DEPORTIVA<\/strong><\/p><p style=\"text-align: justify;\">\u00bfCu\u00e1ndo alquilar maquinaria deportiva? Cubrimos varios sectores en con este servicio.<\/p><p style=\"text-align: justify;\">Productoras de cine y TV, disponemos de cintas de correr, bikes est\u00e1ticas, bikes spinning, etc\u2026 en resumen cualquier maquinaria deportiva que se necesite para rodaje. Entre nuestros clientes est\u00e1n Mandarina Producciones, e infinidad de productoras peque\u00f1as que trabajan con publicidad y TV<\/p><p style=\"text-align: justify;\">Hoteles, alquilamos por d\u00edas, semanas e incluso por horas, en el caso de los hoteles realizamos alquileres de m\u00e1quinas para las habitaciones y suites VIP. Trabajamos con hoteles como el Ritz y el Palace en Madrid.<\/p><p style=\"text-align: justify;\">Cl\u00ednicas y aseguradoras, alquilamos maquinaria tanto para pacientes en casa durante una rehabilitaci\u00f3n, como para centros m\u00e9dicos que requieran dichas maquinas por un tiempo limitado, incluso con opci\u00f3n a una compra posterior.<\/p><p style=\"text-align: justify;\">Y en definitiva a clientes particulares que quieran probar un tipo de maquina alquilando primero una para ver que tal les va.<\/p><p style=\"text-align: justify;\">Con estos servicios nos adaptamos al cliente, tanto en presupuesto como en espacio y tipo de maquina.<\/p><p style=\"text-align: justify;\">Trabajamos con la Federaci\u00f3n Espa\u00f1ola de F\u00fatbol y la de Baloncesto.<\/p>","_et_gb_content_width":""},"_links":{"self":[{"href":"https:\/\/www.maquinariadeportiva.com\/blog\/wp-json\/wp\/v2\/pages\/131"}],"collection":[{"href":"https:\/\/www.maquinariadeportiva.com\/blog\/wp-json\/wp\/v2\/pages"}],"about":[{"href":"https:\/\/www.maquinariadeportiva.com\/blog\/wp-json\/wp\/v2\/types\/page"}],"author":[{"embeddable":true,"href":"https:\/\/www.maquinariadeportiva.com\/blog\/wp-json\/wp\/v2\/users\/1"}],"replies":[{"embeddable":true,"href":"https:\/\/www.maquinariadeportiva.com\/blog\/wp-json\/wp\/v2\/comments?post=131"}],"version-history":[{"count":21,"href":"https:\/\/www.maquinariadeportiva.com\/blog\/wp-json\/wp\/v2\/pages\/131\/revisions"}],"predecessor-version":[{"id":767,"href":"https:\/\/www.maquinariadeportiva.com\/blog\/wp-json\/wp\/v2\/pages\/131\/revisions\/767"}],"up":[{"embeddable":true,"href":"https:\/\/www.maquinariadeportiva.com\/blog\/wp-json\/wp\/v2\/pages\/122"}],"wp:attachment":[{"href":"https:\/\/www.maquinariadeportiva.com\/blog\/wp-json\/wp\/v2\/media?parent=131"}],"curies":[{"name":"wp","href":"https:\/\/api.w.org\/{rel}","templated":true}]}}