{"id":126,"date":"2015-12-16T09:28:07","date_gmt":"2015-12-16T09:28:07","guid":{"rendered":"https:\/\/www.maquinariadeportiva.com\/blog\/?page_id=126"},"modified":"2016-01-07T13:51:50","modified_gmt":"2016-01-07T13:51:50","slug":"quienes-somos","status":"publish","type":"page","link":"https:\/\/www.maquinariadeportiva.com\/blog\/tienda\/quienes-somos\/","title":{"rendered":"Qui\u00e9nes Somos"},"content":{"rendered":"<p>[et_pb_section admin_label=\u00bbsection\u00bb transparent_background=\u00bbon\u00bb allow_player_pause=\u00bboff\u00bb inner_shadow=\u00bboff\u00bb parallax=\u00bboff\u00bb parallax_method=\u00bboff\u00bb padding_mobile=\u00bboff\u00bb make_fullwidth=\u00bboff\u00bb use_custom_width=\u00bboff\u00bb width_unit=\u00bbon\u00bb make_equal=\u00bboff\u00bb use_custom_gutter=\u00bboff\u00bb][et_pb_row admin_label=\u00bbrow\u00bb make_fullwidth=\u00bboff\u00bb use_custom_width=\u00bboff\u00bb width_unit=\u00bbon\u00bb use_custom_gutter=\u00bboff\u00bb padding_mobile=\u00bboff\u00bb allow_player_pause=\u00bboff\u00bb parallax=\u00bboff\u00bb parallax_method=\u00bboff\u00bb make_equal=\u00bboff\u00bb background_color_1=\u00bbrgba(255,255,255,0.7)\u00bb column_padding_mobile=\u00bbon\u00bb][et_pb_column type=\u00bb1_2&#8243;][et_pb_text admin_label=\u00bbTexto\u00bb background_layout=\u00bblight\u00bb text_orientation=\u00bbleft\u00bb use_border_color=\u00bbon\u00bb border_color=\u00bb#000000&#8243; border_style=\u00bbsolid\u00bb custom_padding=\u00bb20px|20px|20px|20px\u00bb]<\/p>\n<h3 style=\"text-align: center;\">Qui\u00e9nes somos<\/h3>\n<p style=\"text-align: justify;\">Servicio T\u00e9cnico Alyvesat S.L. es una empresa de reparaciones, venta y alquiler de maquinaria deportiva, joven pero con mas de 15 a\u00f1os de experiencia en el sector en varios proyectos diferentes, dedicados al servicio t\u00e9cnico y mantenimiento de maquinaria e instalaciones deportivas a nivel nacional, en resumen a la reparaci\u00f3n de maquinaria deportiva.<\/p>\n<p style=\"text-align: justify;\">Nuestro principal objetivo es el mantenimiento gimnasios preventivo de cualquier maquinaria deportiva y de rehabilitaci\u00f3n, tanto a nivel particular como profesional, ofreciendo a nuestros clientes un innovador servicio de mantenimiento garantizando una cualitativa mejora en la falta de aver\u00edas que se ocasionan por desgaste en las maquinas.<\/p>\n<p>[\/et_pb_text][\/et_pb_column][et_pb_column type=\u00bb1_2&#8243;][et_pb_image admin_label=\u00bbImagen\u00bb src=\u00bbhttps:\/\/www.maquinariadeportiva.com\/blog\/wp-content\/uploads\/2015\/12\/alyvesat-maquinaria-deportiva-somos.jpg\u00bb show_in_lightbox=\u00bboff\u00bb url_new_window=\u00bboff\u00bb animation=\u00bbfade_in\u00bb sticky=\u00bboff\u00bb align=\u00bbcenter\u00bb force_fullwidth=\u00bboff\u00bb always_center_on_mobile=\u00bbon\u00bb use_border_color=\u00bboff\u00bb border_color=\u00bb#ffffff\u00bb border_style=\u00bbsolid\u00bb custom_css_main_element=\u00bbborder:1px solid #000;\u00bb] [\/et_pb_image][\/et_pb_column][\/et_pb_row][\/et_pb_section]<\/p>\n","protected":false},"excerpt":{"rendered":"<p>Qui\u00e9nes somos Servicio T\u00e9cnico Alyvesat S.L. es una empresa de reparaciones, venta y alquiler de maquinaria deportiva, joven pero con mas de 15 a\u00f1os de experiencia en el sector en varios proyectos diferentes, dedicados al servicio t\u00e9cnico y mantenimiento de maquinaria e instalaciones deportivas a nivel nacional, en resumen a la reparaci\u00f3n de maquinaria deportiva. [&hellip;]<\/p>\n","protected":false},"author":1,"featured_media":0,"parent":122,"menu_order":1,"comment_status":"closed","ping_status":"closed","template":"","meta":{"_et_pb_use_builder":"on","_et_pb_old_content":"<p style=\"text-align: justify;\"><strong>QUI\u00c9NES SOMOS<\/strong><\/p><p style=\"text-align: justify;\">Servicio T\u00e9cnico Alyvesat S.L. es una empresa de reparaciones, venta y alquiler de maquinaria deportiva, joven pero con mas de 15 a\u00f1os de experiencia en el sector en varios proyectos diferentes, dedicados al servicio t\u00e9cnico y mantenimiento de maquinaria e instalaciones deportivas a nivel nacional, en resumen a la reparaci\u00f3n de maquinaria deportiva.<\/p><p style=\"text-align: justify;\">Nuestro principal objetivo es el mantenimiento gimnasios preventivo de cualquier maquinaria deportiva y de rehabilitaci\u00f3n, tanto a nivel particular como profesional, ofreciendo a nuestros clientes un innovador servicio de mantenimiento garantizando una cualitativa mejora en la falta de aver\u00edas que se ocasionan por desgaste en las maquinas.<\/p>","_et_gb_content_width":""},"_links":{"self":[{"href":"https:\/\/www.maquinariadeportiva.com\/blog\/wp-json\/wp\/v2\/pages\/126"}],"collection":[{"href":"https:\/\/www.maquinariadeportiva.com\/blog\/wp-json\/wp\/v2\/pages"}],"about":[{"href":"https:\/\/www.maquinariadeportiva.com\/blog\/wp-json\/wp\/v2\/types\/page"}],"author":[{"embeddable":true,"href":"https:\/\/www.maquinariadeportiva.com\/blog\/wp-json\/wp\/v2\/users\/1"}],"replies":[{"embeddable":true,"href":"https:\/\/www.maquinariadeportiva.com\/blog\/wp-json\/wp\/v2\/comments?post=126"}],"version-history":[{"count":25,"href":"https:\/\/www.maquinariadeportiva.com\/blog\/wp-json\/wp\/v2\/pages\/126\/revisions"}],"predecessor-version":[{"id":442,"href":"https:\/\/www.maquinariadeportiva.com\/blog\/wp-json\/wp\/v2\/pages\/126\/revisions\/442"}],"up":[{"embeddable":true,"href":"https:\/\/www.maquinariadeportiva.com\/blog\/wp-json\/wp\/v2\/pages\/122"}],"wp:attachment":[{"href":"https:\/\/www.maquinariadeportiva.com\/blog\/wp-json\/wp\/v2\/media?parent=126"}],"curies":[{"name":"wp","href":"https:\/\/api.w.org\/{rel}","templated":true}]}}